{"id":36,"date":"2015-11-08T18:20:59","date_gmt":"2015-11-08T17:20:59","guid":{"rendered":"http:\/\/6raid.fr\/?page_id=36"},"modified":"2025-03-18T20:32:44","modified_gmt":"2025-03-18T19:32:44","slug":"accueil","status":"publish","type":"page","link":"https:\/\/6raid.fr\/Sites\/6raid\/","title":{"rendered":"Accueil"},"content":{"rendered":"<p style=\"text-align: center;\">Bonjour et bienvenue sur le site du\u00a0<a href=\"https:\/\/6raid.fr\/Sites\/6raid\/\">6\u00e8me RAID<\/a> &#8211; Association airsoft!<\/p>\n<p style=\"text-align: center;\">N&rsquo;h\u00e9sitez pas \u00e0 vous inscrire pour profiter du\u00a0site<\/p>\n<p style=\"text-align: center;\">et ainsi participer aux parties que nous organisons!<\/p>\n<p style=\"text-align: center;\">Si vous avez des questions n&rsquo;h\u00e9sitez pas \u00e0 cr\u00e9er un post sur le <a href=\"https:\/\/6raid.fr\/Sites\/6raid\/parties\/\">forum<\/a>, nous essaierons d&rsquo;y r\u00e9pondre dans les plus brefs d\u00e9lais.<\/p>\n<p style=\"text-align: center;\">Vous pouvez aussi nous laisser un message pour parler de votre exp\u00e9rience au sein de l&rsquo;association,<\/p>\n<p style=\"text-align: center;\">toute critique est la bienvenue!<\/p>\n<p style=\"text-align: center;\"><u><strong>Qui sommes-nous?<\/strong><\/u><\/p>\n<p style=\"text-align: center;\"><a href=\"http:\/\/6raid.fr\/wp-content\/uploads\/2019\/03\/diapo.jpg\"><img loading=\"lazy\" decoding=\"async\" class=\"aligncenter size-medium wp-image-2834\" src=\"http:\/\/6raid.fr\/wp-content\/uploads\/2019\/03\/diapo-300x109.jpg\" alt=\"\" width=\"300\" height=\"109\" srcset=\"https:\/\/6raid.fr\/Sites\/6raid\/wp-content\/uploads\/2019\/03\/diapo-300x109.jpg 300w, https:\/\/6raid.fr\/Sites\/6raid\/wp-content\/uploads\/2019\/03\/diapo-768x280.jpg 768w, https:\/\/6raid.fr\/Sites\/6raid\/wp-content\/uploads\/2019\/03\/diapo-1024x373.jpg 1024w, https:\/\/6raid.fr\/Sites\/6raid\/wp-content\/uploads\/2019\/03\/diapo.jpg 1920w\" sizes=\"auto, (max-width: 300px) 100vw, 300px\" \/><\/a><\/p>\n<p style=\"text-align: center;\">Nous sommes une association ( 12 ans d&rsquo;existence \u00e0 ce jour) dynamique et ultra motiv\u00e9e.<\/p>\n<p style=\"text-align: center;\">Nous nous effor\u00e7ons de rendre l&rsquo;exp\u00e9rience des joueurs d\u00e9butants et confirm\u00e9s qui viennent nous rencontrer la plus agr\u00e9able possible et ce depuis les d\u00e9buts de l&rsquo;association.<\/p>\n<p style=\"text-align: center;\">Nos parties sont organis\u00e9es tous les quinze jours en g\u00e9n\u00e9ral les samedis de 10h00 jusqu&rsquo;\u00e0 18h00<br \/>\net de temps \u00e0 autres le dimanche de 10h00 \u00e0 18h00<\/p>\n<p style=\"text-align: center;\">L&rsquo;association poss\u00e8de un terrain for\u00eat de pins am\u00e9nag\u00e9e avec plusieurs constructions de modules et extensible jusqu&rsquo;\u00e0 4 hectares en fonction du nombre de joueurs.<\/p>\n<p style=\"text-align: center;\">Pour profiter des parties vous devez vous inscrire sur le site puis indiquer votre pr\u00e9sence sur le post correspondant.<\/p>\n<p style=\"text-align: center;\">A bient\u00f4t sur le terrain!<\/p>\n<p style=\"text-align: center;\">\u00a0<div id=\"wpgmza_map\" class=\"wpgmza_map\" data-settings='{\"id\":\"1\",\"map_title\":\"6RAID\",\"map_width\":\"100\",\"map_height\":\"400\",\"map_start_lat\":\"48.531996\",\"map_start_lng\":\"-2.060294\",\"map_start_location\":\"48.5319959,-2.0602940999999646\",\"map_start_zoom\":\"10\",\"default_marker\":\"0\",\"type\":\"1\",\"alignment\":\"2\",\"directions_enabled\":\"1\",\"styling_enabled\":\"0\",\"styling_json\":\"\",\"active\":\"0\",\"kml\":\"\",\"bicycle\":\"0\",\"traffic\":\"0\",\"dbox\":\"1\",\"dbox_width\":\"100\",\"listmarkers\":\"0\",\"listmarkers_advanced\":\"0\",\"filterbycat\":\"0\",\"ugm_enabled\":\"0\",\"ugm_category_enabled\":\"0\",\"fusion\":\"\",\"map_width_type\":\"\\\\%\",\"map_height_type\":\"px\",\"mass_marker_support\":\"1\",\"ugm_access\":\"0\",\"order_markers_by\":\"1\",\"order_markers_choice\":\"2\",\"show_user_location\":\"0\",\"default_to\":\"\",\"other_settings\":{\"store_locator_enabled\":2,\"store_locator_distance\":2,\"store_locator_default_radius\":\"10\",\"store_locator_not_found_message\":\"No results found in this location. Please try again.\",\"store_locator_bounce\":1,\"store_locator_query_string\":\"Code Postal \\\/ Adresse\",\"store_locator_default_address\":\"\",\"wpgmza_store_locator_restrict\":\"\",\"map_max_zoom\":\"1\",\"transport_layer\":0,\"wpgmza_theme_data\":\"\",\"wpgmza_show_points_of_interest\":1,\"bicycle\":\"0\",\"traffic\":\"0\"}}' data-map-id='1' Data-maps-engine='' data-shortcode-attributes='{\"id\":\"1\"}' style=\"display:block; overflow:auto; width:100%; height:400px; float:left;\"><\/div><\/p>\n","protected":false},"excerpt":{"rendered":"<p>Bonjour et bienvenue sur le site du\u00a06\u00e8me RAID &#8211; Association airsoft! N&rsquo;h\u00e9sitez pas \u00e0 vous inscrire pour profiter du\u00a0site et ainsi participer aux parties que nous organisons! Si vous avez des questions n&rsquo;h\u00e9sitez pas \u00e0 cr\u00e9er un post sur le forum, nous essaierons d&rsquo;y r\u00e9pondre dans les plus brefs d\u00e9lais. Vous pouvez aussi nous laisser un message pour parler de votre exp\u00e9rience au sein de l&rsquo;association, toute critique est la bienvenue! Qui sommes-nous? Nous sommes une association ( 12 ans d&rsquo;existence \u00e0 ce jour) dynamique et ultra motiv\u00e9e. Nous nous effor\u00e7ons de rendre l&rsquo;exp\u00e9rience des joueurs d\u00e9butants et confirm\u00e9s qui viennent nous rencontrer la plus agr\u00e9able possible et ce depuis [&hellip;]<\/p>\n","protected":false},"author":2318,"featured_media":0,"parent":0,"menu_order":0,"comment_status":"closed","ping_status":"closed","template":"","meta":{"_bbp_topic_count":0,"_bbp_reply_count":0,"_bbp_total_topic_count":0,"_bbp_total_reply_count":0,"_bbp_voice_count":0,"_bbp_anonymous_reply_count":0,"_bbp_topic_count_hidden":0,"_bbp_reply_count_hidden":0,"_bbp_forum_subforum_count":0,"footnotes":""},"class_list":["post-36","page","type-page","status-publish","czr-hentry"],"_links":{"self":[{"href":"https:\/\/6raid.fr\/Sites\/6raid\/wp-json\/wp\/v2\/pages\/36","targetHints":{"allow":["GET"]}}],"collection":[{"href":"https:\/\/6raid.fr\/Sites\/6raid\/wp-json\/wp\/v2\/pages"}],"about":[{"href":"https:\/\/6raid.fr\/Sites\/6raid\/wp-json\/wp\/v2\/types\/page"}],"author":[{"embeddable":true,"href":"https:\/\/6raid.fr\/Sites\/6raid\/wp-json\/wp\/v2\/users\/2318"}],"replies":[{"embeddable":true,"href":"https:\/\/6raid.fr\/Sites\/6raid\/wp-json\/wp\/v2\/comments?post=36"}],"version-history":[{"count":27,"href":"https:\/\/6raid.fr\/Sites\/6raid\/wp-json\/wp\/v2\/pages\/36\/revisions"}],"predecessor-version":[{"id":11024,"href":"https:\/\/6raid.fr\/Sites\/6raid\/wp-json\/wp\/v2\/pages\/36\/revisions\/11024"}],"wp:attachment":[{"href":"https:\/\/6raid.fr\/Sites\/6raid\/wp-json\/wp\/v2\/media?parent=36"}],"curies":[{"name":"wp","href":"https:\/\/api.w.org\/{rel}","templated":true}]}}